{"id":4091,"date":"2020-11-22T11:50:17","date_gmt":"2020-11-22T09:50:17","guid":{"rendered":"https:\/\/www.realgames.org\/wp\/?page_id=4091"},"modified":"2025-10-28T18:03:25","modified_gmt":"2025-10-28T16:03:25","slug":"vinylmusic","status":"publish","type":"page","link":"https:\/\/www.realgames.org\/wp\/vinylmusic\/","title":{"rendered":"Vinylmusic.fi"},"content":{"rendered":"\t\t<div data-elementor-type=\"wp-page\" data-elementor-id=\"4091\" class=\"elementor elementor-4091\">\n\t\t\t\t\t\t<section class=\"elementor-section elementor-top-section elementor-element elementor-element-4f019c3 elementor-section-boxed elementor-section-height-default elementor-section-height-default\" data-id=\"4f019c3\" data-element_type=\"section\">\n\t\t\t\t\t\t<div class=\"elementor-container elementor-column-gap-default\">\n\t\t\t\t\t<div class=\"elementor-column elementor-col-100 elementor-top-column elementor-element elementor-element-3557c4e\" data-id=\"3557c4e\" data-element_type=\"column\">\n\t\t\t<div class=\"elementor-widget-wrap elementor-element-populated\">\n\t\t\t\t\t\t<section class=\"elementor-section elementor-inner-section elementor-element elementor-element-ab44ffa elementor-section-boxed elementor-section-height-default elementor-section-height-default\" data-id=\"ab44ffa\" data-element_type=\"section\">\n\t\t\t\t\t\t<div class=\"elementor-container elementor-column-gap-default\">\n\t\t\t\t\t<div class=\"elementor-column elementor-col-33 elementor-inner-column elementor-element elementor-element-5d3c258\" data-id=\"5d3c258\" data-element_type=\"column\">\n\t\t\t<div class=\"elementor-widget-wrap elementor-element-populated\">\n\t\t\t\t\t\t<div class=\"elementor-element elementor-element-26d4e0c elementor-widget elementor-widget-image\" data-id=\"26d4e0c\" data-element_type=\"widget\" data-widget_type=\"image.default\">\n\t\t\t\t<div class=\"elementor-widget-container\">\n\t\t\t\t\t\t\t\t\t\t\t\t\t\t\t\t<a href=\"https:\/\/i0.wp.com\/www.realgames.org\/wp\/wp-content\/uploads\/2025\/10\/Vinyl-Music_FLYER_2025_FRONT_WEB1.jpg?ssl=1\" data-elementor-open-lightbox=\"yes\" data-elementor-lightbox-title=\"Vinyl Music_FLYER_2025_FRONT_WEB1\" data-e-action-hash=\"#elementor-action%3Aaction%3Dlightbox%26settings%3DeyJpZCI6NTU0MCwidXJsIjoiaHR0cHM6XC9cL3d3dy5yZWFsZ2FtZXMub3JnXC93cFwvd3AtY29udGVudFwvdXBsb2Fkc1wvMjAyNVwvMTBcL1ZpbnlsLU11c2ljX0ZMWUVSXzIwMjVfRlJPTlRfV0VCMS5qcGcifQ%3D%3D\">\n\t\t\t\t\t\t\t<img fetchpriority=\"high\" decoding=\"async\" width=\"874\" height=\"1240\" src=\"https:\/\/i0.wp.com\/www.realgames.org\/wp\/wp-content\/uploads\/2025\/10\/Vinyl-Music_FLYER_2025_FRONT_WEB1.jpg?fit=874%2C1240&amp;ssl=1\" class=\"attachment-full size-full wp-image-5540\" alt=\"\" srcset=\"https:\/\/i0.wp.com\/www.realgames.org\/wp\/wp-content\/uploads\/2025\/10\/Vinyl-Music_FLYER_2025_FRONT_WEB1.jpg?w=874&amp;ssl=1 874w, https:\/\/i0.wp.com\/www.realgames.org\/wp\/wp-content\/uploads\/2025\/10\/Vinyl-Music_FLYER_2025_FRONT_WEB1.jpg?resize=564%2C800&amp;ssl=1 564w, https:\/\/i0.wp.com\/www.realgames.org\/wp\/wp-content\/uploads\/2025\/10\/Vinyl-Music_FLYER_2025_FRONT_WEB1.jpg?resize=722%2C1024&amp;ssl=1 722w, https:\/\/i0.wp.com\/www.realgames.org\/wp\/wp-content\/uploads\/2025\/10\/Vinyl-Music_FLYER_2025_FRONT_WEB1.jpg?resize=768%2C1090&amp;ssl=1 768w\" sizes=\"(max-width: 874px) 100vw, 874px\" \/>\t\t\t\t\t\t\t\t<\/a>\n\t\t\t\t\t\t\t\t\t\t\t\t\t\t\t<\/div>\n\t\t\t\t<\/div>\n\t\t\t\t\t<\/div>\n\t\t<\/div>\n\t\t\t\t<div class=\"elementor-column elementor-col-33 elementor-inner-column elementor-element elementor-element-5836e8a\" data-id=\"5836e8a\" data-element_type=\"column\">\n\t\t\t<div class=\"elementor-widget-wrap elementor-element-populated\">\n\t\t\t\t\t\t<div class=\"elementor-element elementor-element-65056b2 elementor-widget elementor-widget-image\" data-id=\"65056b2\" data-element_type=\"widget\" data-widget_type=\"image.default\">\n\t\t\t\t<div class=\"elementor-widget-container\">\n\t\t\t\t\t\t\t\t\t\t\t\t\t\t\t<img decoding=\"async\" width=\"1024\" height=\"768\" src=\"https:\/\/i0.wp.com\/www.realgames.org\/wp\/wp-content\/uploads\/2021\/06\/21jun-045-kopio.jpg?fit=1024%2C768&amp;ssl=1\" class=\"attachment-large size-large wp-image-4381\" alt=\"\" srcset=\"https:\/\/i0.wp.com\/www.realgames.org\/wp\/wp-content\/uploads\/2021\/06\/21jun-045-kopio.jpg?w=1600&amp;ssl=1 1600w, https:\/\/i0.wp.com\/www.realgames.org\/wp\/wp-content\/uploads\/2021\/06\/21jun-045-kopio.jpg?resize=800%2C600&amp;ssl=1 800w, https:\/\/i0.wp.com\/www.realgames.org\/wp\/wp-content\/uploads\/2021\/06\/21jun-045-kopio.jpg?resize=1024%2C768&amp;ssl=1 1024w, https:\/\/i0.wp.com\/www.realgames.org\/wp\/wp-content\/uploads\/2021\/06\/21jun-045-kopio.jpg?resize=768%2C576&amp;ssl=1 768w, https:\/\/i0.wp.com\/www.realgames.org\/wp\/wp-content\/uploads\/2021\/06\/21jun-045-kopio.jpg?resize=1536%2C1152&amp;ssl=1 1536w\" sizes=\"(max-width: 1024px) 100vw, 1024px\" \/>\t\t\t\t\t\t\t\t\t\t\t\t\t\t\t<\/div>\n\t\t\t\t<\/div>\n\t\t\t\t\t<\/div>\n\t\t<\/div>\n\t\t\t\t<div class=\"elementor-column elementor-col-33 elementor-inner-column elementor-element elementor-element-1b90add\" data-id=\"1b90add\" data-element_type=\"column\">\n\t\t\t<div class=\"elementor-widget-wrap elementor-element-populated\">\n\t\t\t\t\t\t<div class=\"elementor-element elementor-element-f004909 elementor-widget elementor-widget-image\" data-id=\"f004909\" data-element_type=\"widget\" data-widget_type=\"image.default\">\n\t\t\t\t<div class=\"elementor-widget-container\">\n\t\t\t\t\t\t\t\t\t\t\t\t\t\t\t<img decoding=\"async\" width=\"768\" height=\"1024\" src=\"https:\/\/i0.wp.com\/www.realgames.org\/wp\/wp-content\/uploads\/2021\/06\/21jun-044-kopio.jpg?fit=768%2C1024&amp;ssl=1\" class=\"attachment-large size-large wp-image-4382\" alt=\"\" srcset=\"https:\/\/i0.wp.com\/www.realgames.org\/wp\/wp-content\/uploads\/2021\/06\/21jun-044-kopio.jpg?w=1200&amp;ssl=1 1200w, https:\/\/i0.wp.com\/www.realgames.org\/wp\/wp-content\/uploads\/2021\/06\/21jun-044-kopio.jpg?resize=600%2C800&amp;ssl=1 600w, https:\/\/i0.wp.com\/www.realgames.org\/wp\/wp-content\/uploads\/2021\/06\/21jun-044-kopio.jpg?resize=768%2C1024&amp;ssl=1 768w, https:\/\/i0.wp.com\/www.realgames.org\/wp\/wp-content\/uploads\/2021\/06\/21jun-044-kopio.jpg?resize=1152%2C1536&amp;ssl=1 1152w\" sizes=\"(max-width: 768px) 100vw, 768px\" \/>\t\t\t\t\t\t\t\t\t\t\t\t\t\t\t<\/div>\n\t\t\t\t<\/div>\n\t\t\t\t\t<\/div>\n\t\t<\/div>\n\t\t\t\t\t<\/div>\n\t\t<\/section>\n\t\t\t\t\t<\/div>\n\t\t<\/div>\n\t\t\t\t\t<\/div>\n\t\t<\/section>\n\t\t\t\t<section class=\"elementor-section elementor-top-section elementor-element elementor-element-ac7f895 elementor-section-boxed elementor-section-height-default elementor-section-height-default\" data-id=\"ac7f895\" data-element_type=\"section\">\n\t\t\t\t\t\t<div class=\"elementor-container elementor-column-gap-default\">\n\t\t\t\t\t<div class=\"elementor-column elementor-col-100 elementor-top-column elementor-element elementor-element-dff2b26\" data-id=\"dff2b26\" data-element_type=\"column\">\n\t\t\t<div class=\"elementor-widget-wrap elementor-element-populated\">\n\t\t\t\t\t\t<section class=\"elementor-section elementor-inner-section elementor-element elementor-element-975861c elementor-section-boxed elementor-section-height-default elementor-section-height-default\" data-id=\"975861c\" data-element_type=\"section\">\n\t\t\t\t\t\t<div class=\"elementor-container elementor-column-gap-default\">\n\t\t\t\t\t<div class=\"elementor-column elementor-col-33 elementor-inner-column elementor-element elementor-element-fc75fb6\" data-id=\"fc75fb6\" data-element_type=\"column\">\n\t\t\t<div class=\"elementor-widget-wrap elementor-element-populated\">\n\t\t\t\t\t\t<div class=\"elementor-element elementor-element-fe800a3 elementor-widget elementor-widget-text-editor\" data-id=\"fe800a3\" data-element_type=\"widget\" data-widget_type=\"text-editor.default\">\n\t\t\t\t<div class=\"elementor-widget-container\">\n\t\t\t\t\t\t\t\t\t<p><img decoding=\"async\" data-recalc-dims=\"1\" src=\"https:\/\/i0.wp.com\/www.realgames.org\/fi.png?w=1520\"  \/> Tervetuloa Vinylmusic-varasto\u00admyym\u00e4l\u00e4\u00e4mme Espoon Lepp\u00e4vaaraan. Osoitteemme on <strong>Nikkarinkuja 2<\/strong><br \/>\u00a0muutamme 1.11.). Varastomyym\u00e4l\u00e4st\u00e4 l\u00f6yd\u00e4t tuhansia uusia ja k\u00e4ytettyj\u00e4 vinyyli\u00e4\u00e4nilevyj\u00e4, tuhansia jukebokseissa k\u00e4ytettyj\u00e4 CD-levyj\u00e4 ja my\u00f6s paljon muuta. Meill\u00e4 on my\u00f6s esill\u00e4 k\u00e4ytettyj\u00e4 ja kunnostettuja jukebokseja sek\u00e4 muita pelialan ja musiikkialan tuotteita. Uutta materiaalia saapuu joka viikko. Katso alla p\u00e4ivitykset kuvineen.<\/p><p>Ostamme my\u00f6s hyv\u00e4kuntoisia LP-levyj\u00e4. Tuo levysi keskiviikkona tai lauantaina myym\u00e4l\u00e4\u00e4mme ja saat niist\u00e4 tarjouksen. Isommat er\u00e4t voimme noutaa pakettiautollamme.<\/p><p><b>AUKIOLOAJAT\u00a0<\/b><br \/>KESKIVIIKKO klo 12-18<br \/>LAUANTAI klo 11-16<\/p><p>Muut ajat sopimuksen mukaan. S\u00e4hk\u00f6posti:\u00a0<a href=\"mailto:info@realgames.org\">info@realgames.org<\/a>, puh: 0400-303300<\/p>\t\t\t\t\t\t\t\t<\/div>\n\t\t\t\t<\/div>\n\t\t\t\t\t<\/div>\n\t\t<\/div>\n\t\t\t\t<div class=\"elementor-column elementor-col-33 elementor-inner-column elementor-element elementor-element-56de342\" data-id=\"56de342\" data-element_type=\"column\">\n\t\t\t<div class=\"elementor-widget-wrap elementor-element-populated\">\n\t\t\t\t\t\t<div class=\"elementor-element elementor-element-7a615dd elementor-widget elementor-widget-text-editor\" data-id=\"7a615dd\" data-element_type=\"widget\" data-widget_type=\"text-editor.default\">\n\t\t\t\t<div class=\"elementor-widget-container\">\n\t\t\t\t\t\t\t\t\t<p><img decoding=\"async\" data-recalc-dims=\"1\" src=\"https:\/\/i0.wp.com\/www.realgames.org\/se.png?w=1520\"  \/> V\u00e4lkommen till v\u00e5r lagerbutik i Alberga i Esbo. Du hitta oss p\u00e5 adressen\u00a0<b>NIKKARINKUJA 2\u00a0<\/b>(vi flyttar den 1.11.). I lagerbutiken erbjuder vi tusentals nya och anv\u00e4nda vinylskivor, massor av CD-skivor som varit anv\u00e4nda i jukeboxar. Vi har ocks\u00e5 n\u00e5gra fina jukeboxar till salu samt andra prylar fr\u00e5n spel- och musikbranchen. Nya skivor och erbjudanden dyker upp p\u00e5 v\u00e5ra hyllor varje vecka. Lageruppdateringarna hittar du med bilder nedan.<\/p><p>Vi vill g\u00e4rna k\u00f6pa dina LP-skivor. H\u00e4mta skivorna till p\u00e5 onsdagar eller l\u00f6rdagar, s\u00e5 f\u00e5r du ett prisanbud. St\u00f6rre skivsamlingar kan vi \u00e4ven avh\u00e4mta med v\u00e5r paketbil.<\/p><p><b>\u00d6PPETH\u00c5LLNINGSTIDERNA<\/b><br \/>ONSDAG 12-18<br \/>L\u00d6RDAG 11-16<\/p><p>\u00d6vriga tider kan ordnas enligt \u00f6verenskommelse. E-mail: <a href=\"mailto:info@realgames.org\">info@realgames.org<\/a>\u00a0telefon: 0400-303300<\/p>\t\t\t\t\t\t\t\t<\/div>\n\t\t\t\t<\/div>\n\t\t\t\t\t<\/div>\n\t\t<\/div>\n\t\t\t\t<div class=\"elementor-column elementor-col-33 elementor-inner-column elementor-element elementor-element-be7fbda\" data-id=\"be7fbda\" data-element_type=\"column\">\n\t\t\t<div class=\"elementor-widget-wrap elementor-element-populated\">\n\t\t\t\t\t\t<div class=\"elementor-element elementor-element-1dc31b5 elementor-widget elementor-widget-text-editor\" data-id=\"1dc31b5\" data-element_type=\"widget\" data-widget_type=\"text-editor.default\">\n\t\t\t\t<div class=\"elementor-widget-container\">\n\t\t\t\t\t\t\t\t\t<p><img decoding=\"async\" data-recalc-dims=\"1\" src=\"https:\/\/i0.wp.com\/www.realgames.org\/uk.png?w=1520\"  \/> Welcome to our retro music shop in Espoo \u2013 Lepp\u00e4vaara. The address is\u00a0<b>NIKKARINKUVA 2\u00a0<\/b> (we&#8217;re moving on 1.11.). We have for sale thousands of brand new and second hand vinyl records \u2013 both LPs and singles, lots of new and second-hand CD-records. Some nice refurbished jukeboxes are also on display and for sale \u2013 and lots of new items arrive every week. See updates below.<\/p><p>We want to buy LP records in good condition. Bring your record collection on Wednesday or Saturday and you will get an offer. Bigger quantities we can pick up from your home with our van.<\/p><p><b>OPENING HOURS<\/b><br \/>WEDNESDAY 12-18<br \/>SATURDAY 11-16<\/p><p>Other times can be arranged on agreement. Email:\u00a0<a href=\"mailto:info@realgames.org\">info@realgames.org<\/a>\u00a0tel: 0400-303300<\/p>\t\t\t\t\t\t\t\t<\/div>\n\t\t\t\t<\/div>\n\t\t\t\t\t<\/div>\n\t\t<\/div>\n\t\t\t\t\t<\/div>\n\t\t<\/section>\n\t\t\t\t<section class=\"elementor-section elementor-inner-section elementor-element elementor-element-bd1a62c elementor-section-boxed elementor-section-height-default elementor-section-height-default\" data-id=\"bd1a62c\" data-element_type=\"section\">\n\t\t\t\t\t\t<div class=\"elementor-container elementor-column-gap-default\">\n\t\t\t\t\t<div class=\"elementor-column elementor-col-100 elementor-inner-column elementor-element elementor-element-0b5be9e\" data-id=\"0b5be9e\" data-element_type=\"column\">\n\t\t\t<div class=\"elementor-widget-wrap elementor-element-populated\">\n\t\t\t\t\t\t<div class=\"elementor-element elementor-element-c709ad3 elementor-widget elementor-widget-google_maps\" data-id=\"c709ad3\" data-element_type=\"widget\" data-widget_type=\"google_maps.default\">\n\t\t\t\t<div class=\"elementor-widget-container\">\n\t\t\t\t\t\t\t<div class=\"elementor-custom-embed\">\n\t\t\t<iframe loading=\"lazy\"\n\t\t\t\t\tsrc=\"https:\/\/maps.google.com\/maps?q=Etel%C3%A4-Suomen%20Automaatti&#038;t=m&#038;z=17&#038;output=embed&#038;iwloc=near\"\n\t\t\t\t\ttitle=\"Etel\u00e4-Suomen Automaatti\"\n\t\t\t\t\taria-label=\"Etel\u00e4-Suomen Automaatti\"\n\t\t\t><\/iframe>\n\t\t<\/div>\n\t\t\t\t\t\t<\/div>\n\t\t\t\t<\/div>\n\t\t\t\t\t<\/div>\n\t\t<\/div>\n\t\t\t\t\t<\/div>\n\t\t<\/section>\n\t\t\t\t\t<\/div>\n\t\t<\/div>\n\t\t\t\t\t<\/div>\n\t\t<\/section>\n\t\t\t\t<section class=\"elementor-section elementor-top-section elementor-element elementor-element-ade6ea0 elementor-section-full_width elementor-section-stretched elementor-section-height-default elementor-section-height-default\" data-id=\"ade6ea0\" data-element_type=\"section\" data-settings=\"{&quot;stretch_section&quot;:&quot;section-stretched&quot;,&quot;background_background&quot;:&quot;classic&quot;}\">\n\t\t\t\t\t\t<div class=\"elementor-container elementor-column-gap-default\">\n\t\t\t\t\t<div class=\"elementor-column elementor-col-100 elementor-top-column elementor-element elementor-element-2df2d89\" data-id=\"2df2d89\" data-element_type=\"column\">\n\t\t\t<div class=\"elementor-widget-wrap elementor-element-populated\">\n\t\t\t\t\t\t<div class=\"elementor-element elementor-element-d5d4668 elementor-widget elementor-widget-heading\" data-id=\"d5d4668\" data-element_type=\"widget\" data-widget_type=\"heading.default\">\n\t\t\t\t<div class=\"elementor-widget-container\">\n\t\t\t\t\t<h5 class=\"elementor-heading-title elementor-size-default\">Ajankohtaista | Nyheter | News<\/h5>\t\t\t\t<\/div>\n\t\t\t\t<\/div>\n\t\t\t\t\t<\/div>\n\t\t<\/div>\n\t\t\t\t\t<\/div>\n\t\t<\/section>\n\t\t\t\t<section class=\"elementor-section elementor-top-section elementor-element elementor-element-5e717e9 elementor-section-boxed elementor-section-height-default elementor-section-height-default\" data-id=\"5e717e9\" data-element_type=\"section\">\n\t\t\t\t\t\t<div class=\"elementor-container elementor-column-gap-default\">\n\t\t\t\t\t<div class=\"elementor-column elementor-col-100 elementor-top-column elementor-element elementor-element-aa819e9\" data-id=\"aa819e9\" data-element_type=\"column\">\n\t\t\t<div class=\"elementor-widget-wrap elementor-element-populated\">\n\t\t\t\t\t\t<div class=\"elementor-element elementor-element-84068b1 elementor-widget elementor-widget-shortcode\" data-id=\"84068b1\" data-element_type=\"widget\" data-widget_type=\"shortcode.default\">\n\t\t\t\t<div class=\"elementor-widget-container\">\n\t\t\t\t\t\t\t<div class=\"elementor-shortcode\"><div class=\"pt-cv-wrapper\"><div class=\"pt-cv-view pt-cv-grid pt-cv-colsys\" id=\"pt-cv-view-459d81fih3\"><div data-id=\"pt-cv-page-1\" class=\"pt-cv-page\" data-cvc=\"2\"><div class=\"col-md-6 col-sm-6 col-xs-12 pt-cv-content-item pt-cv-1-col\" ><div class='pt-cv-ifield'><a href=\"https:\/\/www.realgames.org\/wp\/realgames-muutta-marraskuun-alusta-espoon-leppavaaraan\/\" class=\"_self pt-cv-href-thumbnail pt-cv-thumb-default\" target=\"_self\" ><img loading=\"lazy\" decoding=\"async\" width=\"600\" height=\"800\" src=\"https:\/\/i0.wp.com\/www.realgames.org\/wp\/wp-content\/uploads\/2024\/11\/IMG_69481.jpg?fit=600%2C800&amp;ssl=1\" class=\"pt-cv-thumbnail\" alt=\"\" srcset=\"https:\/\/i0.wp.com\/www.realgames.org\/wp\/wp-content\/uploads\/2024\/11\/IMG_69481.jpg?w=1920&amp;ssl=1 1920w, https:\/\/i0.wp.com\/www.realgames.org\/wp\/wp-content\/uploads\/2024\/11\/IMG_69481.jpg?resize=600%2C800&amp;ssl=1 600w, https:\/\/i0.wp.com\/www.realgames.org\/wp\/wp-content\/uploads\/2024\/11\/IMG_69481.jpg?resize=768%2C1024&amp;ssl=1 768w, https:\/\/i0.wp.com\/www.realgames.org\/wp\/wp-content\/uploads\/2024\/11\/IMG_69481.jpg?resize=1152%2C1536&amp;ssl=1 1152w, https:\/\/i0.wp.com\/www.realgames.org\/wp\/wp-content\/uploads\/2024\/11\/IMG_69481.jpg?resize=1536%2C2048&amp;ssl=1 1536w\" sizes=\"(max-width: 600px) 100vw, 600px\" \/><\/a>\n<h5 class=\"pt-cv-title\"><a href=\"https:\/\/www.realgames.org\/wp\/realgames-muutta-marraskuun-alusta-espoon-leppavaaraan\/\" class=\"_self\" target=\"_self\" >Levykauppa on my\u00f6s p\u00e4\u00e4si\u00e4islauantaina auki<\/a><\/h5>\n<div class=\"pt-cv-content\"><p>&nbsp;<\/p>\n<p><strong>Huhtihuussa on levykaupamme &#8211; Nikkarinkuja 2- Lepp\u00e4vaara\u00a0 auki my\u00f6s p\u00e4\u00e4si\u00e4islauantaina!<\/strong><\/p>\n<p>Muut aukioloajat HUHTIKUUSSA\u00a0 :\u00a0 Keskiviikot\u00a0 klo 11-18 ja Lauantait\u00a0 klo 11-16.<\/p>\n<p>Valikoimassa on kymmeni\u00e4tuhansia LP-CD- ja Sinkkuja. Uutta saapuu sis\u00e4\u00e4n joka vikko..<\/p>\n<hr \/>\n<p><strong>Muista my\u00f6s lahjakorttitarjouksemme: kortti maksaa 50 euroa ja sen ostoarvo on 55 euroa!<\/strong><\/p>\n<p>___________________________________________________________________<\/p>\n<p><strong>Haluamme ostaa LP-levyj\u00e4<\/strong> -jos\u00a0 tuot\u00a0 levyt kauppan ja saat niist\u00e4\u00a0 heti niist\u00e4 tarjouksen!<\/p>\n<p>Ostamme my\u00f6s isoja LP-eri\u00e4 ja voimme noutaa levyt &#8211; soita noudosta ja kysy!<\/p>\n<p>Noutoer\u00e4ss\u00e4 pit\u00e4\u00e4 olla LP-levyj\u00e4 enemm\u00e4n kuin <strong>200 kpl<\/strong>.. Soita 0400-303300 jos haluat keskustella noudosta.<\/p>\n<p><strong>Vi vill k\u00f6pa dina LP-skivor! H\u00e4mta skivorna till butiken i Alberga s\u00e5 f\u00e5r du genast ett anbud!<\/strong><\/p>\n<p><em><strong>We want to buy your Lp-collection! Bring the albums to our shop i Lepp\u00e4vaara- and you will get our buying price immediately!<\/strong><\/em><\/p>\n<\/div><\/div><\/div>\n<div class=\"col-md-6 col-sm-6 col-xs-12 pt-cv-content-item pt-cv-1-col\" ><div class='pt-cv-ifield'><a href=\"https:\/\/www.realgames.org\/wp\/sale-in-may-lots-of-bargains-3-albums-10-euro-all-together\/\" class=\"_self pt-cv-href-thumbnail pt-cv-thumb-default\" target=\"_self\" ><img loading=\"lazy\" decoding=\"async\" width=\"564\" height=\"800\" src=\"https:\/\/i0.wp.com\/www.realgames.org\/wp\/wp-content\/uploads\/2025\/10\/Vinyl-Music_FLYER_2025_FRONT_WEB1.jpg?fit=564%2C800&amp;ssl=1\" class=\"pt-cv-thumbnail\" alt=\"\" srcset=\"https:\/\/i0.wp.com\/www.realgames.org\/wp\/wp-content\/uploads\/2025\/10\/Vinyl-Music_FLYER_2025_FRONT_WEB1.jpg?w=874&amp;ssl=1 874w, https:\/\/i0.wp.com\/www.realgames.org\/wp\/wp-content\/uploads\/2025\/10\/Vinyl-Music_FLYER_2025_FRONT_WEB1.jpg?resize=564%2C800&amp;ssl=1 564w, https:\/\/i0.wp.com\/www.realgames.org\/wp\/wp-content\/uploads\/2025\/10\/Vinyl-Music_FLYER_2025_FRONT_WEB1.jpg?resize=722%2C1024&amp;ssl=1 722w, https:\/\/i0.wp.com\/www.realgames.org\/wp\/wp-content\/uploads\/2025\/10\/Vinyl-Music_FLYER_2025_FRONT_WEB1.jpg?resize=768%2C1090&amp;ssl=1 768w\" sizes=\"(max-width: 564px) 100vw, 564px\" \/><\/a>\n<h5 class=\"pt-cv-title\"><a href=\"https:\/\/www.realgames.org\/wp\/sale-in-may-lots-of-bargains-3-albums-10-euro-all-together\/\" class=\"_self\" target=\"_self\" >ROCK-HEAVY-BLUES-PROGE ym j\u00e4ttier\u00e4 saapunut<\/a><\/h5>\n<div class=\"pt-cv-content\"><p>1, L\u00e4hes 800 kpl LP-er\u00e4 on nyt saapunut &#8211; k\u00e4sin poimittu er\u00e4 (from Stockholm)\u00a0 ja levyt ovat jo\u00a0 esill\u00e4 hyllyill\u00e4mme. Secondhand)<\/p>\n<p>2. Ostimme yksityisen kokoelman jossa my\u00f6s 70-luvn proge, R&amp;R ja Jazz- levyj\u00e4 &#8211; noin 600 kpl &#8211; sekin er\u00e4 on nyt esill\u00e4 kaupassa..<\/p>\n<p><strong>Tervetuloa tekem\u00e4\u00e4n l\u00f6yt\u00f6j\u00e4.!<\/strong><\/p>\n<p>Klassisia LP-levyj\u00e4 on my\u00f6s otettu esille- hieno valikoima. DG, Decca,\u00a0 Philips ja muuta..<\/p>\n<p>&nbsp;<\/p>\n<\/div><\/div><\/div><\/div><\/div><\/div><\/div>\n\t\t\t\t\t\t<\/div>\n\t\t\t\t<\/div>\n\t\t\t\t\t<\/div>\n\t\t<\/div>\n\t\t\t\t\t<\/div>\n\t\t<\/section>\n\t\t\t\t<\/div>\n\t\t","protected":false},"excerpt":{"rendered":"<p>Tervetuloa Vinylmusic-varasto\u00admyym\u00e4l\u00e4\u00e4mme Espoon Lepp\u00e4vaaraan. Osoitteemme on Nikkarinkuja 2\u00a0muutamme 1.11.). Varastomyym\u00e4l\u00e4st\u00e4 l\u00f6yd\u00e4t tuhansia uusia ja k\u00e4ytettyj\u00e4 vinyyli\u00e4\u00e4nilevyj\u00e4, tuhansia jukebokseissa k\u00e4ytettyj\u00e4 CD-levyj\u00e4 ja my\u00f6s paljon muuta. Meill\u00e4 on my\u00f6s esill\u00e4 k\u00e4ytettyj\u00e4 ja kunnostettuja jukebokseja sek\u00e4 muita pelialan ja musiikkialan tuotteita. Uutta materiaalia saapuu joka viikko. Katso alla p\u00e4ivitykset kuvineen. Ostamme my\u00f6s hyv\u00e4kuntoisia LP-levyj\u00e4. Tuo levysi keskiviikkona tai&#8230;<\/p>\n","protected":false},"author":1,"featured_media":0,"parent":0,"menu_order":0,"comment_status":"closed","ping_status":"closed","template":"","meta":{"jetpack_post_was_ever_published":false,"footnotes":""},"class_list":["post-4091","page","type-page","status-publish","hentry"],"jetpack_sharing_enabled":true,"jetpack_shortlink":"https:\/\/wp.me\/PaLk8e-13Z","_links":{"self":[{"href":"https:\/\/www.realgames.org\/wp\/wp-json\/wp\/v2\/pages\/4091","targetHints":{"allow":["GET"]}}],"collection":[{"href":"https:\/\/www.realgames.org\/wp\/wp-json\/wp\/v2\/pages"}],"about":[{"href":"https:\/\/www.realgames.org\/wp\/wp-json\/wp\/v2\/types\/page"}],"author":[{"embeddable":true,"href":"https:\/\/www.realgames.org\/wp\/wp-json\/wp\/v2\/users\/1"}],"replies":[{"embeddable":true,"href":"https:\/\/www.realgames.org\/wp\/wp-json\/wp\/v2\/comments?post=4091"}],"version-history":[{"count":77,"href":"https:\/\/www.realgames.org\/wp\/wp-json\/wp\/v2\/pages\/4091\/revisions"}],"predecessor-version":[{"id":5562,"href":"https:\/\/www.realgames.org\/wp\/wp-json\/wp\/v2\/pages\/4091\/revisions\/5562"}],"wp:attachment":[{"href":"https:\/\/www.realgames.org\/wp\/wp-json\/wp\/v2\/media?parent=4091"}],"curies":[{"name":"wp","href":"https:\/\/api.w.org\/{rel}","templated":true}]}}